{"id":22,"date":"2018-02-22T10:46:41","date_gmt":"2018-02-22T09:46:41","guid":{"rendered":"http:\/\/www.dottdentini-dentistadeibambini.it\/dott-dentini\/?page_id=22"},"modified":"2025-04-30T12:51:23","modified_gmt":"2025-04-30T10:51:23","slug":"odontoiatria-pediatrica-pedodonzia","status":"publish","type":"page","link":"http:\/\/www.dottdentini-dentistadeibambini.it\/dott-dentini\/odontoiatria-pediatrica-pedodonzia\/","title":{"rendered":"Odontoiatria Pediatrica"},"content":{"rendered":"<section class=\"l-section wpb_row height_small\"><div class=\"l-section-h i-cf\"><div class=\"g-cols vc_row via_flex valign_top type_default stacking_default\"><div class=\"vc_col-sm-12 wpb_column vc_column_container\"><div class=\"vc_column-inner\"><div class=\"wpb_wrapper\"><div class=\"w-image align_center\"><div class=\"w-image-h\"><img decoding=\"async\" width=\"484\" height=\"114\" src=\"http:\/\/www.dottdentini-dentistadeibambini.it\/dott-dentini\/wp-content\/uploads\/2018\/02\/017d47225fc89862057222267210d406_f59.png\" class=\"attachment-large size-large\" alt=\"\" loading=\"lazy\" srcset=\"http:\/\/www.dottdentini-dentistadeibambini.it\/dott-dentini\/wp-content\/uploads\/2018\/02\/017d47225fc89862057222267210d406_f59.png 484w, http:\/\/www.dottdentini-dentistadeibambini.it\/dott-dentini\/wp-content\/uploads\/2018\/02\/017d47225fc89862057222267210d406_f59-300x71.png 300w\" sizes=\"auto, (max-width: 484px) 100vw, 484px\" \/><\/div><\/div><\/div><\/div><\/div><\/div><\/div><\/section><section class=\"l-section wpb_row height_small\"><div class=\"l-section-h i-cf\"><div class=\"g-cols vc_row via_flex valign_top type_default stacking_default\"><div class=\"vc_col-sm-12 wpb_column vc_column_container\"><div class=\"vc_column-inner\"><div class=\"wpb_wrapper\"><div class=\"wpb_text_column\"><div class=\"wpb_wrapper\"><p>L\u2019Odontoiatria Pediatrica o Pedodonzia si occupa della salute orale dei piccoli pazienti dalla nascita fino all\u2019adolescenza.<\/p>\n<p>L\u2019odontoiatria infantile \u00e8 una disciplina estremamente importante perch\u00e9 si propone come obiettivi la cura della dentatura decidua e quindi la salvaguardia e la corretta eruzione della futura dentatura permanente.<\/p>\n<p>Si occupa, inoltre, della eliminazione e correzione di abitudini viziate per ristabilire una corretta masticazione.<\/p>\n<p>L\u2019aspetto pi\u00f9 importante in campo pedodontico \u00e8 l\u2019approccio psicologico con il piccolo paziente che spesso si presenta alla visita impaurito soprattutto quando lamenta dolore a uno o pi\u00f9 \u201cdentini\u201d.<\/p>\n<p>Il nostro primo obiettivo \u00e8 quindi far s\u00ec che i nostri piccoli pazienti siano curati senza dolore e senza paura e, per raggiungere questo scopo, ci vogliono grande esperienza e tanta pazienza e sensibilit\u00e0.<\/p>\n<p>Allo stesso tempo, grazie anche ad un ambiente pensato per loro ed a specifiche tecniche di approccio non solo clinico, ma anche psicologico e relazionale, il piccolo paziente viene preparato e coinvolto nel trattamento odontoiatrico. Le strategie adottate sono volte a minimizzare nel contempo il disagio fisico e psicologico; strategie fondamentali in Odontoiatra Pediatrica e nella cura dei pazienti diversamente abili o con defict cognitivi. Per questo motivo la Clinica Merli \u00e8 attenta alla formazione continua dello staff medico e paramedico in merito a questi aspetti di psicologia clinica.<\/p>\n<p>Nel Reparto di Odontoiatria Pediatrica si utilizzano diverse metodiche per rendere il pi\u00f9 piacevole possibile la seduta odontoiatrica con personale professionalmente qualificato ed educato ad assistere i piccoli pazienti ed i diversamente abili con l\u2019ausilio di video cartoni scelti o portati dal paziente il tutto in un ambiente colorato studiato e creato appositamente per l\u2019infanzia.<\/p>\n<h6>Responsabile Reparto Odontoiatria Pediatrica<\/h6>\n<p><strong><em>Dott. Monica Merli &#8211; Medico Chirurgo Specialista in Odontostomatologia e Ortognatodonzia<\/em><\/strong><\/p>\n<\/div><\/div><\/div><\/div><\/div><\/div><\/div><\/section><section class=\"l-section wpb_row height_small\"><div class=\"l-section-h i-cf\"><div class=\"g-cols vc_row via_flex valign_top type_default stacking_default\"><div class=\"vc_col-sm-12 wpb_column vc_column_container\"><div class=\"vc_column-inner\"><div class=\"wpb_wrapper\"><div class=\"w-grid us_grid type_grid layout_gallery_default cols_5 preload_style_spinner\" id=\"us_grid_1\" style=\"--columns:5;\" data-filterable=\"true\"><style>@media (max-width:767px){#us_grid_1{--columns:4!important}}@media (max-width:479px){#us_grid_1{--columns:2!important}}.layout_gallery_default .w-grid-item-h{}<\/style><div class=\"w-grid-list\">\t<article class=\"w-grid-item size_1x1 post-44 attachment type-attachment status-inherit hentry\" data-id=\"44\">\r\n\t\t<div class=\"w-grid-item-h\">\r\n\t\t\t\t\t\t\t<a ref=\"magnificPopupGrid\" href=\"http:\/\/www.dottdentini-dentistadeibambini.it\/dott-dentini\/wp-content\/uploads\/2018\/02\/studiopedo1-1.jpg\" class=\"w-grid-item-anchor\" aria-label=\"studiopedo1\"><\/a>\r\n\t\t\t\t\t\t<div class=\"w-post-elm post_image usg_post_image_1 stretched\"><img loading=\"lazy\" decoding=\"async\" width=\"350\" height=\"350\" src=\"http:\/\/www.dottdentini-dentistadeibambini.it\/dott-dentini\/wp-content\/uploads\/2018\/02\/studiopedo1-1-350x350.jpg\" class=\"attachment-us_350_350_crop size-us_350_350_crop\" alt=\"\" srcset=\"http:\/\/www.dottdentini-dentistadeibambini.it\/dott-dentini\/wp-content\/uploads\/2018\/02\/studiopedo1-1-350x350.jpg 350w, http:\/\/www.dottdentini-dentistadeibambini.it\/dott-dentini\/wp-content\/uploads\/2018\/02\/studiopedo1-1-150x150.jpg 150w, http:\/\/www.dottdentini-dentistadeibambini.it\/dott-dentini\/wp-content\/uploads\/2018\/02\/studiopedo1-1-600x600.jpg 600w\" sizes=\"auto, (max-width: 350px) 100vw, 350px\" \/><\/div>\t\t<\/div>\r\n\t\t\t<\/article>\r\n\t<article class=\"w-grid-item size_1x1 post-39 attachment type-attachment status-inherit hentry\" data-id=\"39\">\r\n\t\t<div class=\"w-grid-item-h\">\r\n\t\t\t\t\t\t\t<a ref=\"magnificPopupGrid\" href=\"http:\/\/www.dottdentini-dentistadeibambini.it\/dott-dentini\/wp-content\/uploads\/2018\/02\/studiopedo4.jpg\" class=\"w-grid-item-anchor\" aria-label=\"studiopedo4\"><\/a>\r\n\t\t\t\t\t\t<div class=\"w-post-elm post_image usg_post_image_1 stretched\"><img loading=\"lazy\" decoding=\"async\" width=\"350\" height=\"350\" src=\"http:\/\/www.dottdentini-dentistadeibambini.it\/dott-dentini\/wp-content\/uploads\/2018\/02\/studiopedo4-350x350.jpg\" class=\"attachment-us_350_350_crop size-us_350_350_crop\" alt=\"\" srcset=\"http:\/\/www.dottdentini-dentistadeibambini.it\/dott-dentini\/wp-content\/uploads\/2018\/02\/studiopedo4-350x350.jpg 350w, http:\/\/www.dottdentini-dentistadeibambini.it\/dott-dentini\/wp-content\/uploads\/2018\/02\/studiopedo4-150x150.jpg 150w, http:\/\/www.dottdentini-dentistadeibambini.it\/dott-dentini\/wp-content\/uploads\/2018\/02\/studiopedo4-600x600.jpg 600w\" sizes=\"auto, (max-width: 350px) 100vw, 350px\" \/><\/div>\t\t<\/div>\r\n\t\t\t<\/article>\r\n\t<article class=\"w-grid-item size_1x1 post-36 attachment type-attachment status-inherit hentry\" data-id=\"36\">\r\n\t\t<div class=\"w-grid-item-h\">\r\n\t\t\t\t\t\t\t<a ref=\"magnificPopupGrid\" href=\"http:\/\/www.dottdentini-dentistadeibambini.it\/dott-dentini\/wp-content\/uploads\/2018\/02\/studiopedo5.jpg\" class=\"w-grid-item-anchor\" aria-label=\"studiopedo5\"><\/a>\r\n\t\t\t\t\t\t<div class=\"w-post-elm post_image usg_post_image_1 stretched\"><img loading=\"lazy\" decoding=\"async\" width=\"350\" height=\"350\" src=\"http:\/\/www.dottdentini-dentistadeibambini.it\/dott-dentini\/wp-content\/uploads\/2018\/02\/studiopedo5-350x350.jpg\" class=\"attachment-us_350_350_crop size-us_350_350_crop\" alt=\"\" srcset=\"http:\/\/www.dottdentini-dentistadeibambini.it\/dott-dentini\/wp-content\/uploads\/2018\/02\/studiopedo5-350x350.jpg 350w, http:\/\/www.dottdentini-dentistadeibambini.it\/dott-dentini\/wp-content\/uploads\/2018\/02\/studiopedo5-150x150.jpg 150w, http:\/\/www.dottdentini-dentistadeibambini.it\/dott-dentini\/wp-content\/uploads\/2018\/02\/studiopedo5-600x600.jpg 600w\" sizes=\"auto, (max-width: 350px) 100vw, 350px\" \/><\/div>\t\t<\/div>\r\n\t\t\t<\/article>\r\n\t<article class=\"w-grid-item size_1x1 post-37 attachment type-attachment status-inherit hentry\" data-id=\"37\">\r\n\t\t<div class=\"w-grid-item-h\">\r\n\t\t\t\t\t\t\t<a ref=\"magnificPopupGrid\" href=\"http:\/\/www.dottdentini-dentistadeibambini.it\/dott-dentini\/wp-content\/uploads\/2018\/02\/studiopedo3.jpg\" class=\"w-grid-item-anchor\" aria-label=\"studiopedo3\"><\/a>\r\n\t\t\t\t\t\t<div class=\"w-post-elm post_image usg_post_image_1 stretched\"><img loading=\"lazy\" decoding=\"async\" width=\"350\" height=\"350\" src=\"http:\/\/www.dottdentini-dentistadeibambini.it\/dott-dentini\/wp-content\/uploads\/2018\/02\/studiopedo3-350x350.jpg\" class=\"attachment-us_350_350_crop size-us_350_350_crop\" alt=\"\" srcset=\"http:\/\/www.dottdentini-dentistadeibambini.it\/dott-dentini\/wp-content\/uploads\/2018\/02\/studiopedo3-350x350.jpg 350w, http:\/\/www.dottdentini-dentistadeibambini.it\/dott-dentini\/wp-content\/uploads\/2018\/02\/studiopedo3-150x150.jpg 150w, http:\/\/www.dottdentini-dentistadeibambini.it\/dott-dentini\/wp-content\/uploads\/2018\/02\/studiopedo3-600x600.jpg 600w\" sizes=\"auto, (max-width: 350px) 100vw, 350px\" \/><\/div>\t\t<\/div>\r\n\t\t\t<\/article>\r\n\t<article class=\"w-grid-item size_1x1 post-38 attachment type-attachment status-inherit hentry\" data-id=\"38\">\r\n\t\t<div class=\"w-grid-item-h\">\r\n\t\t\t\t\t\t\t<a ref=\"magnificPopupGrid\" href=\"http:\/\/www.dottdentini-dentistadeibambini.it\/dott-dentini\/wp-content\/uploads\/2018\/02\/studiopedo2.jpg\" class=\"w-grid-item-anchor\" aria-label=\"studiopedo2\"><\/a>\r\n\t\t\t\t\t\t<div class=\"w-post-elm post_image usg_post_image_1 stretched\"><img loading=\"lazy\" decoding=\"async\" width=\"350\" height=\"350\" src=\"http:\/\/www.dottdentini-dentistadeibambini.it\/dott-dentini\/wp-content\/uploads\/2018\/02\/studiopedo2-350x350.jpg\" class=\"attachment-us_350_350_crop size-us_350_350_crop\" alt=\"\" srcset=\"http:\/\/www.dottdentini-dentistadeibambini.it\/dott-dentini\/wp-content\/uploads\/2018\/02\/studiopedo2-350x350.jpg 350w, http:\/\/www.dottdentini-dentistadeibambini.it\/dott-dentini\/wp-content\/uploads\/2018\/02\/studiopedo2-150x150.jpg 150w, http:\/\/www.dottdentini-dentistadeibambini.it\/dott-dentini\/wp-content\/uploads\/2018\/02\/studiopedo2-600x600.jpg 600w\" sizes=\"auto, (max-width: 350px) 100vw, 350px\" \/><\/div>\t\t<\/div>\r\n\t\t\t<\/article>\r\n<\/div>\t<div class=\"w-grid-preloader\">\r\n\t\t<div class=\"g-preloader type_1\">\r\n\t\t\t<div><\/div>\r\n\t\t<\/div>\r\n\t<\/div>\r\n\t\t<div class=\"w-grid-json hidden\" onclick='return {&quot;action&quot;:&quot;us_ajax_grid&quot;,&quot;infinite_scroll&quot;:0,&quot;max_num_pages&quot;:1,&quot;pagination&quot;:&quot;none&quot;,&quot;template_vars&quot;:{&quot;columns&quot;:&quot;5&quot;,&quot;exclude_items&quot;:&quot;none&quot;,&quot;img_size&quot;:&quot;us_350_350_crop&quot;,&quot;ignore_items_size&quot;:0,&quot;items_layout&quot;:&quot;gallery_default&quot;,&quot;items_offset&quot;:&quot;1&quot;,&quot;load_animation&quot;:&quot;none&quot;,&quot;overriding_link&quot;:&quot;%7B%22type%22%3A%22popup_image%22%7D&quot;,&quot;post_id&quot;:0,&quot;query_args&quot;:{&quot;post_type&quot;:[&quot;attachment&quot;],&quot;post__in&quot;:[&quot;44&quot;,&quot;39&quot;,&quot;36&quot;,&quot;37&quot;,&quot;38&quot;],&quot;post_status&quot;:&quot;inherit&quot;,&quot;post_mime_type&quot;:&quot;image&quot;,&quot;posts_per_page&quot;:999},&quot;orderby_query_args&quot;:{&quot;orderby&quot;:{&quot;post__in&quot;:&quot;ASC&quot;},&quot;order&quot;:&quot;ASC&quot;},&quot;type&quot;:&quot;grid&quot;,&quot;us_grid_post_type&quot;:&quot;attachment&quot;,&quot;us_grid_ajax_index&quot;:1,&quot;us_grid_filter_query_string&quot;:null,&quot;us_grid_index&quot;:1,&quot;page_args&quot;:[]}}'><\/div>\r\n\t<\/div><\/div><\/div><\/div><\/div><\/div><\/section><section class=\"l-section wpb_row height_small\"><div class=\"l-section-h i-cf\"><div class=\"g-cols vc_row via_flex valign_top type_default stacking_default\"><div class=\"vc_col-sm-12 wpb_column vc_column_container\"><div class=\"vc_column-inner\"><div class=\"wpb_wrapper\"><div class=\"wpb_text_column\"><div class=\"wpb_wrapper\"><h4>La Prima Visita Pedodontica<\/h4>\n<p>La prima visita consente al bambino di conoscere il nostro Dott. Den Tini \u2013 Dentista dei Bambini, i suoi collaboratori, l\u2019ambiente in cui opera e lo accoglie: la sala d\u2019attesa del Reparto di Odontoiatria Pediatrica della Clinica Merli e lo Studio Odontoiatrico a lui dedicato. La prima visita ha anche la finalit\u00e0 di far acquisire fiducia al bambino in una situazione per lui del tutto nuova, affinch\u00e9 la prima impressione sia positiva, avvicinandolo in modo ludico e rilassato al trattamento odontoiatrico. Grazie a varie piccole attenzioni, facciamo in modo che il bambino ricordi con piacere il primo contatto con il dentista e accetti volentieri di ritornare. A questo scopo \u00e8 consigliabile non eseguire alcun trattamento vero e proprio durante la prima visita, in modo da offrire all\u2019odontoiatra la possibilit\u00e0 di fare conoscenza con il piccolo paziente e di valutare l\u2019entit\u00e0 del trattamento necessario.<\/p>\n<p>Al termine di questo primo esame il nostro Dott. Den Tini &#8211; Dentista dei Bambini, avr\u00e0 avuto modo di valutare la disponibilit\u00e0 del piccolo paziente a sottoporsi alla cura e, se si sar\u00e0 dimostrato particolarmente nervoso e spaventato, potr\u00e0 considerare con i genitori l\u2019opportunit\u00e0 eventualmente di utilizzare delle forme di sedazione farmacologica cosciente. L\u2019esame permetter\u00e0 inoltre di stabilire se la cariorecettivit\u00e0 derivi da un\u2019alimentazione scorretta e se \u00e8 necessario che tale aspetto venga analizzato nel corso di una consulenza nutrizionale.<\/p>\n<\/div><\/div><\/div><\/div><\/div><\/div><\/div><\/section>\n","protected":false},"excerpt":{"rendered":"","protected":false},"author":1,"featured_media":0,"parent":0,"menu_order":0,"comment_status":"closed","ping_status":"closed","template":"","meta":{"footnotes":""},"class_list":["post-22","page","type-page","status-publish","hentry"],"yoast_head":"<!-- This site is optimized with the Yoast SEO plugin v27.5 - https:\/\/yoast.com\/product\/yoast-seo-wordpress\/ -->\n<title>Odontoiatria Pediatrica - Den - l\u2019aiutante speciale dei dentisti e amico dei bambini \u2022 Rimini<\/title>\n<meta name=\"robots\" content=\"index, follow, max-snippet:-1, max-image-preview:large, max-video-preview:-1\" \/>\n<link rel=\"canonical\" href=\"http:\/\/www.dottdentini-dentistadeibambini.it\/dott-dentini\/odontoiatria-pediatrica-pedodonzia\/\" \/>\n<meta property=\"og:locale\" content=\"it_IT\" \/>\n<meta property=\"og:type\" content=\"article\" \/>\n<meta property=\"og:title\" content=\"Odontoiatria Pediatrica - Den - l\u2019aiutante speciale dei dentisti e amico dei bambini \u2022 Rimini\" \/>\n<meta property=\"og:url\" content=\"http:\/\/www.dottdentini-dentistadeibambini.it\/dott-dentini\/odontoiatria-pediatrica-pedodonzia\/\" \/>\n<meta property=\"og:site_name\" content=\"Den - l\u2019aiutante speciale dei dentisti e amico dei bambini\" \/>\n<meta property=\"article:modified_time\" content=\"2025-04-30T10:51:23+00:00\" \/>\n<meta name=\"twitter:card\" content=\"summary_large_image\" \/>\n<meta name=\"twitter:label1\" content=\"Tempo di lettura stimato\" \/>\n\t<meta name=\"twitter:data1\" content=\"3 minuti\" \/>\n<script type=\"application\/ld+json\" class=\"yoast-schema-graph\">{\"@context\":\"https:\\\/\\\/schema.org\",\"@graph\":[{\"@type\":\"WebPage\",\"@id\":\"http:\\\/\\\/www.dottdentini-dentistadeibambini.it\\\/dott-dentini\\\/odontoiatria-pediatrica-pedodonzia\\\/\",\"url\":\"http:\\\/\\\/www.dottdentini-dentistadeibambini.it\\\/dott-dentini\\\/odontoiatria-pediatrica-pedodonzia\\\/\",\"name\":\"Odontoiatria Pediatrica - Den - l\u2019aiutante speciale dei dentisti e amico dei bambini \u2022 Rimini\",\"isPartOf\":{\"@id\":\"http:\\\/\\\/www.dottdentini-dentistadeibambini.it\\\/dott-dentini\\\/#website\"},\"datePublished\":\"2018-02-22T09:46:41+00:00\",\"dateModified\":\"2025-04-30T10:51:23+00:00\",\"breadcrumb\":{\"@id\":\"http:\\\/\\\/www.dottdentini-dentistadeibambini.it\\\/dott-dentini\\\/odontoiatria-pediatrica-pedodonzia\\\/#breadcrumb\"},\"inLanguage\":\"it-IT\",\"potentialAction\":[{\"@type\":\"ReadAction\",\"target\":[\"http:\\\/\\\/www.dottdentini-dentistadeibambini.it\\\/dott-dentini\\\/odontoiatria-pediatrica-pedodonzia\\\/\"]}]},{\"@type\":\"BreadcrumbList\",\"@id\":\"http:\\\/\\\/www.dottdentini-dentistadeibambini.it\\\/dott-dentini\\\/odontoiatria-pediatrica-pedodonzia\\\/#breadcrumb\",\"itemListElement\":[{\"@type\":\"ListItem\",\"position\":1,\"name\":\"Home\",\"item\":\"http:\\\/\\\/www.dottdentini-dentistadeibambini.it\\\/dott-dentini\\\/\"},{\"@type\":\"ListItem\",\"position\":2,\"name\":\"Odontoiatria Pediatrica\"}]},{\"@type\":\"WebSite\",\"@id\":\"http:\\\/\\\/www.dottdentini-dentistadeibambini.it\\\/dott-dentini\\\/#website\",\"url\":\"http:\\\/\\\/www.dottdentini-dentistadeibambini.it\\\/dott-dentini\\\/\",\"name\":\"Den - l\u2019aiutante speciale dei dentisti e amico dei bambini\",\"description\":\"Specializzati nella cura dei tuoi dentini e della salute della tua bocca\",\"publisher\":{\"@id\":\"http:\\\/\\\/www.dottdentini-dentistadeibambini.it\\\/dott-dentini\\\/#organization\"},\"potentialAction\":[{\"@type\":\"SearchAction\",\"target\":{\"@type\":\"EntryPoint\",\"urlTemplate\":\"http:\\\/\\\/www.dottdentini-dentistadeibambini.it\\\/dott-dentini\\\/?s={search_term_string}\"},\"query-input\":{\"@type\":\"PropertyValueSpecification\",\"valueRequired\":true,\"valueName\":\"search_term_string\"}}],\"inLanguage\":\"it-IT\"},{\"@type\":\"Organization\",\"@id\":\"http:\\\/\\\/www.dottdentini-dentistadeibambini.it\\\/dott-dentini\\\/#organization\",\"name\":\"Dott. Den Tini - Dentista dei bambini\",\"url\":\"http:\\\/\\\/www.dottdentini-dentistadeibambini.it\\\/dott-dentini\\\/\",\"logo\":{\"@type\":\"ImageObject\",\"inLanguage\":\"it-IT\",\"@id\":\"http:\\\/\\\/www.dottdentini-dentistadeibambini.it\\\/dott-dentini\\\/#\\\/schema\\\/logo\\\/image\\\/\",\"url\":\"http:\\\/\\\/www.dottdentini-dentistadeibambini.it\\\/dott-dentini\\\/wp-content\\\/uploads\\\/2018\\\/02\\\/dott-den-tini.png\",\"contentUrl\":\"http:\\\/\\\/www.dottdentini-dentistadeibambini.it\\\/dott-dentini\\\/wp-content\\\/uploads\\\/2018\\\/02\\\/dott-den-tini.png\",\"width\":354,\"height\":100,\"caption\":\"Dott. Den Tini - Dentista dei bambini\"},\"image\":{\"@id\":\"http:\\\/\\\/www.dottdentini-dentistadeibambini.it\\\/dott-dentini\\\/#\\\/schema\\\/logo\\\/image\\\/\"}}]}<\/script>\n<!-- \/ Yoast SEO plugin. -->","yoast_head_json":{"title":"Odontoiatria Pediatrica - Den - l\u2019aiutante speciale dei dentisti e amico dei bambini \u2022 Rimini","robots":{"index":"index","follow":"follow","max-snippet":"max-snippet:-1","max-image-preview":"max-image-preview:large","max-video-preview":"max-video-preview:-1"},"canonical":"http:\/\/www.dottdentini-dentistadeibambini.it\/dott-dentini\/odontoiatria-pediatrica-pedodonzia\/","og_locale":"it_IT","og_type":"article","og_title":"Odontoiatria Pediatrica - Den - l\u2019aiutante speciale dei dentisti e amico dei bambini \u2022 Rimini","og_url":"http:\/\/www.dottdentini-dentistadeibambini.it\/dott-dentini\/odontoiatria-pediatrica-pedodonzia\/","og_site_name":"Den - l\u2019aiutante speciale dei dentisti e amico dei bambini","article_modified_time":"2025-04-30T10:51:23+00:00","twitter_card":"summary_large_image","twitter_misc":{"Tempo di lettura stimato":"3 minuti"},"schema":{"@context":"https:\/\/schema.org","@graph":[{"@type":"WebPage","@id":"http:\/\/www.dottdentini-dentistadeibambini.it\/dott-dentini\/odontoiatria-pediatrica-pedodonzia\/","url":"http:\/\/www.dottdentini-dentistadeibambini.it\/dott-dentini\/odontoiatria-pediatrica-pedodonzia\/","name":"Odontoiatria Pediatrica - Den - l\u2019aiutante speciale dei dentisti e amico dei bambini \u2022 Rimini","isPartOf":{"@id":"http:\/\/www.dottdentini-dentistadeibambini.it\/dott-dentini\/#website"},"datePublished":"2018-02-22T09:46:41+00:00","dateModified":"2025-04-30T10:51:23+00:00","breadcrumb":{"@id":"http:\/\/www.dottdentini-dentistadeibambini.it\/dott-dentini\/odontoiatria-pediatrica-pedodonzia\/#breadcrumb"},"inLanguage":"it-IT","potentialAction":[{"@type":"ReadAction","target":["http:\/\/www.dottdentini-dentistadeibambini.it\/dott-dentini\/odontoiatria-pediatrica-pedodonzia\/"]}]},{"@type":"BreadcrumbList","@id":"http:\/\/www.dottdentini-dentistadeibambini.it\/dott-dentini\/odontoiatria-pediatrica-pedodonzia\/#breadcrumb","itemListElement":[{"@type":"ListItem","position":1,"name":"Home","item":"http:\/\/www.dottdentini-dentistadeibambini.it\/dott-dentini\/"},{"@type":"ListItem","position":2,"name":"Odontoiatria Pediatrica"}]},{"@type":"WebSite","@id":"http:\/\/www.dottdentini-dentistadeibambini.it\/dott-dentini\/#website","url":"http:\/\/www.dottdentini-dentistadeibambini.it\/dott-dentini\/","name":"Den - l\u2019aiutante speciale dei dentisti e amico dei bambini","description":"Specializzati nella cura dei tuoi dentini e della salute della tua bocca","publisher":{"@id":"http:\/\/www.dottdentini-dentistadeibambini.it\/dott-dentini\/#organization"},"potentialAction":[{"@type":"SearchAction","target":{"@type":"EntryPoint","urlTemplate":"http:\/\/www.dottdentini-dentistadeibambini.it\/dott-dentini\/?s={search_term_string}"},"query-input":{"@type":"PropertyValueSpecification","valueRequired":true,"valueName":"search_term_string"}}],"inLanguage":"it-IT"},{"@type":"Organization","@id":"http:\/\/www.dottdentini-dentistadeibambini.it\/dott-dentini\/#organization","name":"Dott. Den Tini - Dentista dei bambini","url":"http:\/\/www.dottdentini-dentistadeibambini.it\/dott-dentini\/","logo":{"@type":"ImageObject","inLanguage":"it-IT","@id":"http:\/\/www.dottdentini-dentistadeibambini.it\/dott-dentini\/#\/schema\/logo\/image\/","url":"http:\/\/www.dottdentini-dentistadeibambini.it\/dott-dentini\/wp-content\/uploads\/2018\/02\/dott-den-tini.png","contentUrl":"http:\/\/www.dottdentini-dentistadeibambini.it\/dott-dentini\/wp-content\/uploads\/2018\/02\/dott-den-tini.png","width":354,"height":100,"caption":"Dott. Den Tini - Dentista dei bambini"},"image":{"@id":"http:\/\/www.dottdentini-dentistadeibambini.it\/dott-dentini\/#\/schema\/logo\/image\/"}}]}},"_links":{"self":[{"href":"http:\/\/www.dottdentini-dentistadeibambini.it\/dott-dentini\/wp-json\/wp\/v2\/pages\/22","targetHints":{"allow":["GET"]}}],"collection":[{"href":"http:\/\/www.dottdentini-dentistadeibambini.it\/dott-dentini\/wp-json\/wp\/v2\/pages"}],"about":[{"href":"http:\/\/www.dottdentini-dentistadeibambini.it\/dott-dentini\/wp-json\/wp\/v2\/types\/page"}],"author":[{"embeddable":true,"href":"http:\/\/www.dottdentini-dentistadeibambini.it\/dott-dentini\/wp-json\/wp\/v2\/users\/1"}],"replies":[{"embeddable":true,"href":"http:\/\/www.dottdentini-dentistadeibambini.it\/dott-dentini\/wp-json\/wp\/v2\/comments?post=22"}],"version-history":[{"count":15,"href":"http:\/\/www.dottdentini-dentistadeibambini.it\/dott-dentini\/wp-json\/wp\/v2\/pages\/22\/revisions"}],"predecessor-version":[{"id":365,"href":"http:\/\/www.dottdentini-dentistadeibambini.it\/dott-dentini\/wp-json\/wp\/v2\/pages\/22\/revisions\/365"}],"wp:attachment":[{"href":"http:\/\/www.dottdentini-dentistadeibambini.it\/dott-dentini\/wp-json\/wp\/v2\/media?parent=22"}],"curies":[{"name":"wp","href":"https:\/\/api.w.org\/{rel}","templated":true}]}}